{"id":2619,"date":"2021-05-03T00:46:15","date_gmt":"2021-05-02T22:46:15","guid":{"rendered":"https:\/\/www.francisgazeau.com\/?page_id=2619"},"modified":"2021-05-03T00:46:15","modified_gmt":"2021-05-02T22:46:15","slug":"politica-de-confidencialidad","status":"publish","type":"page","link":"https:\/\/www.francisgazeau.com\/es\/politica-de-confidencialidad\/","title":{"rendered":"Pol\u00edtica de Confidencialidad"},"content":{"rendered":"<p><em>28 de Abril 2021<\/em><\/p>\n<p><em>El siguiente texto es el resultado de una traducci\u00f3n autom\u00e1tica y se le presenta \u00fanicamente con fines informativos.<\/em><\/p>\n<h2>1. Definiciones<\/h2>\n<p><strong>Editorial<\/strong> : SNC SUN4, cuya oficina central se encuentra en 4 Passage Saint Avoye 75003 Par\u00eds &#8211; Francia, y est\u00e1 registrada en el Registro de Comercio y Empresas de Par\u00eds con el n\u00famero 333 28 6136. Correo electr\u00f3nico de contacto contact@francisgazeau.com.<\/p>\n<p><strong>Director de publicaci\u00f3n<\/strong> : Francis Gazeau &#8211; 4 Passage Saint Avoye 75003 Par\u00eds. contact@francisgazeau.com.<\/p>\n<p><strong>Alojamiento web<\/strong> : Magic on line &#8211; 130-134 avenue du pr\u00e9sident Wilson 93512 MONTREUIL CEDEX &#8211; backoffice@magic.fr.<\/p>\n<p><strong>Sitio<\/strong> : se refiere al sitio web del comerciante www.francisgazeau.com<br \/>\n<strong>Obras<\/strong> : se refiere al conjunto de pinturas presentadas en el Sitio para la venta.<br \/>\n<strong>Partes<\/strong> : significa, conjuntamente, un Usuario y el Editor, en el contexto de la realizaci\u00f3n de una venta online.<br \/>\n<strong>Servicio<\/strong> : se refiere a todos los servicios proporcionados por el Sitio a los Usuarios.<br \/>\n<strong>Usuario<\/strong> : se refiere a la persona f\u00edsica o jur\u00eddica, particular o profesional que realiza una compra online.<br \/>\n<strong>Visitantes<\/strong> : se refiere a las personas f\u00edsicas o jur\u00eddicas, personas naturales o profesionales que, por cualquier motivo, consultan una o m\u00e1s p\u00e1ginas del Sitio sin beneficiarse de los servicios ofrecidos.<\/p>\n<h2>2. Protecci\u00f3n de datos personales<\/h2>\n<p><strong>a. Recolecci\u00f3n y protecci\u00f3n de datos personales<\/strong><\/p>\n<p>\u201cDatos personales\u201d es toda la informaci\u00f3n relacionada con una persona f\u00edsica identificada o identificable.<\/p>\n<p>Constituye un \u00abtratamiento\u00bb de datos personales, cualquier operaci\u00f3n o conjunto de operaciones relativas a dichos datos, cualquiera que sea el proceso utilizado, y en particular la recogida, registro, organizaci\u00f3n, almacenamiento, adaptaci\u00f3n o modificaci\u00f3n, extracci\u00f3n, consulta, uso, comunicaci\u00f3n por transmisi\u00f3n, distribuci\u00f3n o cualquier otra forma de provisi\u00f3n, conciliaci\u00f3n o interconexi\u00f3n, as\u00ed como bloqueo, borrado o destrucci\u00f3n. Se dice que el procesamiento es \u00abautomatizado\u00bb cuando el procesamiento realizado da como resultado la informatizaci\u00f3n de archivos o bases de datos, independientemente del medio o soporte inform\u00e1tico, as\u00ed como cualquier procedimiento de consulta, transmisi\u00f3n remota de informaci\u00f3n nominativa, cualquiera que sea el medio de telecomunicaci\u00f3n utilizado.<\/p>\n<p>El editor recopila datos personales relacionados con los usuarios del sitio, estrictamente necesarios para su identificaci\u00f3n, a saber:<\/p>\n<p>(i) para una persona f\u00edsica que act\u00fae como no profesional: apellido, nombre(s), direcci\u00f3n de correo electr\u00f3nico, n\u00famero de tel\u00e9fono y direcci\u00f3n particular.<\/p>\n<p>(ii) para una persona f\u00edsica que act\u00fae como profesional: apellido, nombre(s), nombre comercial, direcci\u00f3n de correo electr\u00f3nico, n\u00famero de tel\u00e9fono y n\u00famero \u00fanico de identificaci\u00f3n SIRENE en el Registro Mercantil y de Sociedades.<\/p>\n<p>(iii) para una persona jur\u00eddica: raz\u00f3n social, n\u00famero \u00fanico de identificaci\u00f3n SIRENE en el Registro Mercantil y Societario, nombre y apellidos del representante legal, direcci\u00f3n de correo electr\u00f3nico y n\u00famero de tel\u00e9fono. Se especifica que solo los datos personales relacionados con el representante legal de la persona jur\u00eddica est\u00e1n protegidos por estas disposiciones.<\/p>\n<p>El controlador de datos registra los datos personales recopilados en un archivo de computadora. Se conservan durante 5 a\u00f1os.<\/p>\n<p>Para la consecuci\u00f3n de la finalidad antes mencionada, los datos recopilados podr\u00e1n ser cedidos a terceros, en particular:<br \/>\n&#8211; el transportista, para la entrega,<br \/>\n&#8211; la plataforma bancaria, para realizar pagos en l\u00ednea,<\/p>\n<p>Los datos confidenciales relacionados con los medios de pago no son registrados por el Editor, ni accesibles, sino que son gestionados directamente por el servicio de seguridad al que se puede contactar en las siguientes direcciones:<br \/>\n&#8211; Direcci\u00f3n postal: [pendiente de elecci\u00f3n de la plataforma de pago]<br \/>\n&#8211; Correo: [pendiente de elecci\u00f3n de la plataforma de pago]<\/p>\n<p>El Usuario tiene todos los derechos previstos por la Ley de Protecci\u00f3n de Datos de 6 de enero de 1978 y el Reglamento General de Protecci\u00f3n de Datos (Reglamento UE 2016\/679 de 27 de abril de 2017), derecho de acceso, rectificaci\u00f3n, oposici\u00f3n, olvido, limitaci\u00f3n del tratamiento, portabilidad, informaci\u00f3n y comunicaci\u00f3n.<\/p>\n<p>El Usuario ejerce todos sus derechos ante el Responsable del tratamiento, en las siguientes direcciones:<br \/>\n&#8211; Direcci\u00f3n postal: SNC SUN4<br \/>\n&#8211; Direcci\u00f3n de correo electr\u00f3nico: contact@francisgazeau.com<\/p>\n<p>Como parte del derecho de informaci\u00f3n y comunicaci\u00f3n, cualquier comunicaci\u00f3n de copia de los datos recabados, m\u00e1s all\u00e1 de la primera que es gratuita, se facturar\u00e1 a 10 \u20ac.<\/p>\n<p><strong>b. Uso de sus datos personales<\/strong><\/p>\n<p>Se requiere que el Usuario marque la casilla espec\u00edfica prevista a tal efecto, con el fin de dar su consentimiento para la recogida y tratamiento de sus datos personales. De lo contrario, se denegar\u00e1 el acceso al servicio.<\/p>\n<p>La finalidad exclusiva de la recogida de datos personales es la prestaci\u00f3n del servicio ofrecido.<\/p>\n<p>El Editor se reserva el derecho de utilizar los datos relativos al Usuario y recopilados en el Sitio de la siguiente manera:<br \/>\n. para garantizar que el contenido del sitio se presente de la manera m\u00e1s eficaz (visualizaci\u00f3n, navegaci\u00f3n, etc.);<br \/>\n. para cumplir con las obligaciones derivadas del contrato celebrado entre el Editor y el Usuario;<br \/>\n. para permitir que el Usuario participe de forma interactiva en los servicios del Sitio, cuando elija participar;<br \/>\n. informar al Usuario de cualquier cambio en la oferta del Sitio.<\/p>\n<p><strong>c. Datos recopilados a trav\u00e9s de cookies<\/strong><\/p>\n<p>Adem\u00e1s de la recogida de datos personales a trav\u00e9s del formulario que el Usuario rellena online a todos los efectos (suscripci\u00f3n a ofertas, newsletters, etc.), tambi\u00e9n se pueden recoger datos al navegar por el Sitio a trav\u00e9s de una cookie instalada en el ordenador del Usuario y\/o visitante.<\/p>\n<p>La cookie es un bloque de datos que no permite identificar al Usuario pero que se utiliza para registrar informaci\u00f3n relativa a su navegaci\u00f3n en el Sitio (p\u00e1ginas consultadas, fecha y hora de consulta, persistencia de datos durante una sesi\u00f3n, etc.) Informaci\u00f3n que el Sitio puede leer durante conexiones posteriores.<\/p>\n<p>El Usuario y\/o el Visitante tienen la opci\u00f3n de aceptar u oponerse a la grabaci\u00f3n de \u00abcookies\u00bb marcando la casilla prevista a tal efecto. El consentimiento otorgado tiene una validez de 13 meses.<\/p>\n<p>El Editor se compromete a no comunicar nunca el contenido de estas \u00abcookies\u00bb a terceros, excepto en caso de requerimiento legal.<\/p>\n<p><strong>d. Enlaces de hipertexto<\/strong><\/p>\n<p>El sitio puede contener ciertos enlaces a otros sitios que est\u00e1n fuera de nuestro control y no cubiertos por esta pol\u00edtica de privacidad. El editor no es responsable del contenido de los sitios as\u00ed presentados, ni de la forma en que sus datos personales se recopilar\u00e1n y utilizar\u00e1n all\u00ed.<\/p>\n<p><strong>e. Modificaci\u00f3n de la pol\u00edtica de privacidad<\/strong><\/p>\n<p>El editor se reserva el derecho de modificar la pol\u00edtica de privacidad en cualquier momento. Informaremos cualquier cambio actualizando la fecha en la parte superior de nuestra pol\u00edtica de privacidad. Lo invitamos a visitar esta p\u00e1gina con regularidad.<\/p>\n<a href=\"#\" class=\"cn-revoke-cookie cn-button cn-revoke-inline bootstrap\" title=\"R\u00e9voquer le consentement\">R\u00e9voquer le consentement<\/a>\n","protected":false},"excerpt":{"rendered":"<p>28 de Abril 2021 El siguiente texto es el resultado de una traducci\u00f3n autom\u00e1tica y se le presenta \u00fanicamente con fines informativos. 1. Definiciones Editorial : SNC SUN4, cuya oficina central se encuentra en 4 Passage Saint Avoye 75003 Par\u00eds &#8211; Francia, y est\u00e1 registrada en el Registro de Comercio y Empresas de Par\u00eds con [&hellip;]<\/p>\n","protected":false},"author":1,"featured_media":0,"parent":0,"menu_order":0,"comment_status":"closed","ping_status":"open","template":"","meta":[],"_links":{"self":[{"href":"https:\/\/www.francisgazeau.com\/es\/wp-json\/wp\/v2\/pages\/2619"}],"collection":[{"href":"https:\/\/www.francisgazeau.com\/es\/wp-json\/wp\/v2\/pages"}],"about":[{"href":"https:\/\/www.francisgazeau.com\/es\/wp-json\/wp\/v2\/types\/page"}],"author":[{"embeddable":true,"href":"https:\/\/www.francisgazeau.com\/es\/wp-json\/wp\/v2\/users\/1"}],"replies":[{"embeddable":true,"href":"https:\/\/www.francisgazeau.com\/es\/wp-json\/wp\/v2\/comments?post=2619"}],"version-history":[{"count":1,"href":"https:\/\/www.francisgazeau.com\/es\/wp-json\/wp\/v2\/pages\/2619\/revisions"}],"predecessor-version":[{"id":2620,"href":"https:\/\/www.francisgazeau.com\/es\/wp-json\/wp\/v2\/pages\/2619\/revisions\/2620"}],"wp:attachment":[{"href":"https:\/\/www.francisgazeau.com\/es\/wp-json\/wp\/v2\/media?parent=2619"}],"curies":[{"name":"wp","href":"https:\/\/api.w.org\/{rel}","templated":true}]}}