{"id":2617,"date":"2021-05-03T00:44:57","date_gmt":"2021-05-02T22:44:57","guid":{"rendered":"https:\/\/www.francisgazeau.com\/?page_id=2617"},"modified":"2021-05-03T00:44:57","modified_gmt":"2021-05-02T22:44:57","slug":"notas-legales","status":"publish","type":"page","link":"https:\/\/www.francisgazeau.com\/es\/notas-legales\/","title":{"rendered":"Notas legales"},"content":{"rendered":"<h2>1. Identificaci\u00f3n y datos de contacto<\/h2>\n<p>Este sitio web www.francisgazeau.com (el Sitio) es publicado por la empresa SNC SUN4 (Editorial), cuya oficina central se encuentra en 4 Passage Saint Avoye 75003 Par\u00eds &#8211; Francia, y est\u00e1 inscrita en el Registro de Comercio y Empresas de Par\u00eds con el n\u00famero 333 28 6136 . Correo electr\u00f3nico de contacto contact@francisgazeau.com.<\/p>\n<p>Director de publicaci\u00f3n: Francis Gazeau &#8211; 4 Passage Saint Avoye 75003 Par\u00eds. contact@francisgazeau.com.<\/p>\n<p>Alojamiento web: Magic on line &#8211; 130-134 avenue du pr\u00e9sident Wilson 93512 MONTREUIL CEDEX &#8211; backoffice@magic.fr.<\/p>\n<h2>2. Propiedad intelectual del editor<\/h2>\n<p>Los sistemas, software, estructuras, infraestructuras, bases de datos y contenido de cualquier tipo (textos, im\u00e1genes, visuales, m\u00fasica, logotipos, marcas, base de datos, etc.) operados por el Editor dentro del Sitio est\u00e1n protegidos por todos los derechos de propiedad intelectual o derechos de productores de bases de datos vigentes. Todo desmontaje, descompilaci\u00f3n, descifrado, extracciones, reutilizaci\u00f3n, copias y m\u00e1s en general, cualquier acto de reproducci\u00f3n, representaci\u00f3n, distribuci\u00f3n y uso de cualquiera de estos elementos, en su totalidad o en parte, sin el permiso del Editor, est\u00e1n estrictamente prohibidos y pueden ser objeto de procedimientos legales.<\/p>\n","protected":false},"excerpt":{"rendered":"<p>1. Identificaci\u00f3n y datos de contacto Este sitio web www.francisgazeau.com (el Sitio) es publicado por la empresa SNC SUN4 (Editorial), cuya oficina central se encuentra en 4 Passage Saint Avoye 75003 Par\u00eds &#8211; Francia, y est\u00e1 inscrita en el Registro de Comercio y Empresas de Par\u00eds con el n\u00famero 333 28 6136 . Correo electr\u00f3nico [&hellip;]<\/p>\n","protected":false},"author":1,"featured_media":0,"parent":0,"menu_order":0,"comment_status":"closed","ping_status":"closed","template":"","meta":[],"_links":{"self":[{"href":"https:\/\/www.francisgazeau.com\/es\/wp-json\/wp\/v2\/pages\/2617"}],"collection":[{"href":"https:\/\/www.francisgazeau.com\/es\/wp-json\/wp\/v2\/pages"}],"about":[{"href":"https:\/\/www.francisgazeau.com\/es\/wp-json\/wp\/v2\/types\/page"}],"author":[{"embeddable":true,"href":"https:\/\/www.francisgazeau.com\/es\/wp-json\/wp\/v2\/users\/1"}],"replies":[{"embeddable":true,"href":"https:\/\/www.francisgazeau.com\/es\/wp-json\/wp\/v2\/comments?post=2617"}],"version-history":[{"count":1,"href":"https:\/\/www.francisgazeau.com\/es\/wp-json\/wp\/v2\/pages\/2617\/revisions"}],"predecessor-version":[{"id":2618,"href":"https:\/\/www.francisgazeau.com\/es\/wp-json\/wp\/v2\/pages\/2617\/revisions\/2618"}],"wp:attachment":[{"href":"https:\/\/www.francisgazeau.com\/es\/wp-json\/wp\/v2\/media?parent=2617"}],"curies":[{"name":"wp","href":"https:\/\/api.w.org\/{rel}","templated":true}]}}