{"id":2613,"date":"2021-05-03T00:41:43","date_gmt":"2021-05-02T22:41:43","guid":{"rendered":"https:\/\/www.francisgazeau.com\/?page_id=2613"},"modified":"2021-05-03T00:41:43","modified_gmt":"2021-05-02T22:41:43","slug":"cgv-condiciones-generales-de-venta","status":"publish","type":"page","link":"https:\/\/www.francisgazeau.com\/es\/cgv-condiciones-generales-de-venta\/","title":{"rendered":"CGV &#8211; Condiciones generales de venta"},"content":{"rendered":"<p><em>El siguiente texto es el resultado de una traducci\u00f3n autom\u00e1tica y se le presenta \u00fanicamente con fines informativos. Como se especifica en el art\u00edculo 13.1, solo prevalecer\u00e1 el idioma franc\u00e9s en caso de disputa.<\/em><\/p>\n<h2>1. Identificaci\u00f3n y datos de contacto<\/h2>\n<p>Este sitio web www.francisgazeau.com (el Sitio) es publicado por la empresa SNC SUN4 (Editorial), cuya oficina central se encuentra en 4 Passage Saint Avoye 75003 Par\u00eds, y est\u00e1 inscrita en el Registro de Comercio y Empresas de Par\u00eds con el n\u00famero 333 28 6136 . Env\u00ede un correo electr\u00f3nico a contact@francisgazeau.com.<\/p>\n<p>Director de publicaci\u00f3n: M. Francis Gazeau &#8211; 4 Passage Saint Avoye 75003 Paris. contact@francisgazeau.com.<\/p>\n<p>Alojamiento web: Magic on line &#8211; 130-134 avenue du pr\u00e9sident Wilson 93512 MONTREUIL CEDEX &#8211; backoffice@magic.fr.<\/p>\n<h2>2. Definiciones<\/h2>\n<p><strong>CGV<\/strong> : se refiere a estos t\u00e9rminos y Condiciones Generales de Venta.<br \/>\n<strong>Obras<\/strong> : se refiere al conjunto de obras pict\u00f3ricas presentadas en el Sitio para la venta.<br \/>\n<strong>Partes<\/strong> : significa, conjuntamente, un Usuario y el Editor, en el contexto de la realizaci\u00f3n de una venta online.<br \/>\n<strong>Servicio<\/strong> : se refiere a todos los servicios proporcionados por el Sitio a los Usuarios.<br \/>\n<strong>Usuario<\/strong> : se refiere a la persona f\u00edsica o jur\u00eddica, particular o profesional que realiza una compra online.<br \/>\n<strong>Visitantes<\/strong> : se refiere a las personas f\u00edsicas o jur\u00eddicas, personas naturales o profesionales que, por cualquier motivo, consultan una o m\u00e1s p\u00e1ginas del Sitio sin beneficiarse de los servicios ofrecidos.<\/p>\n<h2>3. Prop\u00f3sito<\/h2>\n<p>El prop\u00f3sito de estos CGV es definir los t\u00e9rminos y condiciones para la prestaci\u00f3n de un Servicio para la venta en l\u00ednea de Obras.<\/p>\n<h2>4. Validez<\/h2>\n<p>Cualquier uso del Servicio implica la aceptaci\u00f3n total, completa y sin reservas de los CGV por parte del Usuario.<\/p>\n<p>El editor se reserva el derecho de adaptar o modificar los t\u00e9rminos y condiciones en cualquier momento. Para cada pedido, los CGV aplicables son los vigentes en la fecha de validaci\u00f3n del pedido por parte del Usuario.<\/p>\n<p>Cualquier disposici\u00f3n contraria o diferente invocada por el Usuario, en ausencia de aceptaci\u00f3n expresa por escrito por parte del Editor, ser\u00e1 inaplicable frente a \u00e9ste, con independencia de cuando se le haya comunicado. El hecho de que el Editor no se acoja en un momento dado a cualquiera de las disposiciones de los CGV no puede interpretarse como una renuncia a su uso posterior. En el caso de que una cl\u00e1usula del presente sea o se vuelva nula o anulable, esto no cuestionar\u00e1 la validez de las otras cl\u00e1usulas, y la cl\u00e1usula en disputa se considerar\u00e1 no escrita.<\/p>\n<h2>5. Servicio<\/h2>\n<p>El Servicio consta de un conjunto de herramientas para concretar ventas online con descarga de factura y cobro del precio.<\/p>\n<h2>6. Acceso al Servicio<\/h2>\n<p>El acceso al Servicio est\u00e1 reservado a personas con plena capacidad jur\u00eddica.<\/p>\n<p>Est\u00e1 sujeto a la aceptaci\u00f3n de estos CGV. El Usuario est\u00e1 obligado a marcar la casilla espec\u00edfica prevista a tal efecto, para poder aceptar la aplicaci\u00f3n de estos CGV y el uso del Servicio al que desea acceder. De lo contrario, se denegar\u00e1 el acceso al Servicio.<\/p>\n<p>El acceso al Servicio implica el uso de t\u00e9cnicas de comunicaci\u00f3n remota sin costo adicional.<\/p>\n<h2>7. Presentaci\u00f3n de las obras<\/h2>\n<p>Las Obras presentadas en el Sitio son originales y \u00fanicas. No infringen ning\u00fan derecho de autor, marca comercial o cualquier otro derecho, t\u00edtulo o inter\u00e9s de propiedad intelectual que pertenezca a terceros. Cada uno tiene un certificado de autenticidad.<\/p>\n<p>El Usuario se compromete a no hacer ni permitir que se haga nada que pueda, de alguna manera, infringir los derechos de propiedad intelectual del Editor.<\/p>\n<h2>8. Precio de las obras<\/h2>\n<p>Los precios est\u00e1n indicados en euros \u201ctodos los impuestos incluidos\u201d y solo se pagan en euros. El precio de las Obras puede modificarse en cualquier momento.<\/p>\n<h2>9. C\u00f3mo realizar una compra online<\/h2>\n<p><strong>Realizaci\u00f3n de un Pedido<\/strong> : El Usuario selecciona las obras ofrecidas en el Sitio haciendo clic en el bot\u00f3n provisto a tal efecto. La selecci\u00f3n completa se muestra en la pesta\u00f1a \u00abCarrito de la compra\u00bb.<\/p>\n<p>En cualquier momento, antes de confirmar el pedido, el Usuario puede cancelar o modificar las Obras seleccionadas, ver los detalles, caracter\u00edsticas, cantidades, forma de entrega elegida, monto a pagar, etc.<\/p>\n<p>Se presenta al Usuario un resumen del pedido antes de proceder al pago.<\/p>\n<p>El pedido solo ser\u00e1 definitivo despu\u00e9s del pago en l\u00ednea.<\/p>\n<p><strong>Pago online<\/strong> : La validaci\u00f3n del pago implica la validaci\u00f3n del pedido por parte del Usuario.<\/p>\n<p>El Usuario debe proporcionar la informaci\u00f3n necesaria para el pago mediante tarjeta de cr\u00e9dito o mediante transferencia bancaria.<\/p>\n<p>Confirmaci\u00f3n del pedido: El Sitio env\u00eda un correo electr\u00f3nico de confirmaci\u00f3n del pedido al Usuario despu\u00e9s de verificar la disponibilidad del Trabajo y la validaci\u00f3n del pago por la plataforma de pago seguro.<\/p>\n<p>La confirmaci\u00f3n del pedido ser\u00e1 archivada por el Sitio y se considerar\u00e1 como prueba de la naturaleza del acuerdo y su fecha.<\/p>\n<p><strong>Entrega &#8211; Gastos de transporte<\/strong> :<\/p>\n<p><em>Condiciones<\/em> : Las entregas se entregan en mano contra la firma de UPS. El Editor fija con el Usuario, por correo electr\u00f3nico o por tel\u00e9fono, la fecha y hora de entrega.<\/p>\n<p>Si, a pesar de esta precauci\u00f3n, el Usuario se ausenta durante la entrega programada, el transportista presentar\u00e1 el paquete por segunda vez. Si el Usuario a\u00fan se encuentra ausente durante esta segunda presentaci\u00f3n, el paquete ser\u00e1 devuelto al Editor, el pedido se considerar\u00e1 cancelado. Se le reembolsar\u00e1 de acuerdo con las disposiciones del art\u00edculo \u00abCancelaci\u00f3n &#8211; Derecho de desistimiento\u00bb. Sin embargo, el costo de devoluci\u00f3n del paquete seguir\u00e1 siendo su responsabilidad y se cargar\u00e1 al monto de su reembolso.<\/p>\n<p><em>Costes<\/em> : Los gastos de env\u00edo se indican al realizar el pedido.<\/p>\n<p><em>Plazos<\/em> : El plazo de env\u00edo o entrega de las Obras es de 7 d\u00edas a partir de la confirmaci\u00f3n del pedido. Se entiende que este plazo excluye los fines de semana y festivos. No obstante, si la obra no ha sido entregada en la fecha de entrega indicativa o, a falta de indicaci\u00f3n, m\u00e1s de 30 d\u00edas despu\u00e9s de la confirmaci\u00f3n del pedido, el Usuario podr\u00e1 cancelar su pedido enviando una carta certificada con acuse de recibo al Editor que aparece en la secci\u00f3n 1 de este documento. El Usuario ser\u00e1 reembolsado de acuerdo con lo establecido en el Art\u00edculo 3.9 &#8211; Cancelaci\u00f3n &#8211; Derecho de desistimiento.<\/p>\n<p><em>Ubicaci\u00f3n<\/em> : Las entregas se realizan en los pa\u00edses de la Uni\u00f3n Europea, Suiza y M\u00f3naco, a la direcci\u00f3n indicada a tal efecto por el Usuario.<\/p>\n<p>En el caso de que el Usuario desee ser entregado en otro lugar que no sea los pa\u00edses mencionados anteriormente, puede ponerse en contacto con el Editor a tal efecto, en el n\u00famero de cliente que figura en la p\u00e1gina de \u00abcontacto\u00bb, quien se compromete a hacer todo lo posible para conseguirlo. entrega en el pa\u00eds indicado, sujeto a cualquier imposibilidad t\u00e9cnica o administrativa. Los gastos de env\u00edo le ser\u00e1n comunicados tan pronto como se haya decidido el lugar y los m\u00e9todos de entrega y antes de la validaci\u00f3n del pedido.<\/p>\n<p>Las entregas realizadas fuera de la Uni\u00f3n Europea dan lugar, a cargo del Usuario, a tasas de aduana que ser\u00e1n facturadas, adem\u00e1s del pedido, directamente por los servicios de aduanas.<\/p>\n<p><em>Embalaje<\/em> : El Editor embala las Obras seg\u00fan un procedimiento muy preciso para garantizar una protecci\u00f3n \u00f3ptima durante el transporte.<\/p>\n<p><strong>Obligaciones del Usuario<\/strong>.<\/p>\n<p>El Usuario acepta:<\/p>\n<p>&#8211; transmitir, al realizar el pedido, toda la informaci\u00f3n necesaria para la entrega con el fin de garantizar la finalizaci\u00f3n satisfactoria (y, en particular, un n\u00famero de tel\u00e9fono al que el transportista pueda comunicarse con \u00e9l durante el d\u00eda). El Usuario se compromete, por s\u00ed mismo o por el destinatario del pedido, a recibir las Obras en la direcci\u00f3n que indic\u00f3 al realizar el pedido. En el momento de la entrega, el Usuario o destinatario de las Obras debe poder, si se solicita, demostrar su identidad,<br \/>\n&#8211; comprobar el perfecto estado de la (s) Obra (s) en el momento de la entrega.<\/p>\n<p>Se recuerda que, una vez que el Usuario ha tomado posesi\u00f3n del paquete, mediante la firma del albar\u00e1n de entrega, se le transfiere el riesgo de p\u00e9rdida o da\u00f1o. Por tanto, es importante:<br \/>\n&#8211; No firme el albar\u00e1n de entrega antes de comprobar el contenido del paquete y el estado de la Obra,<br \/>\n&#8211; No ceda a las presiones de los repartidores, t\u00f3mese el tiempo para examinar la Obra.<\/p>\n<p>Cualquier degradaci\u00f3n o deterioro del embalaje y \/ o de la Obra deber\u00e1 ser objeto de reserva en el albar\u00e1n de entrega.<\/p>\n<p>Si la Obra no cumple con el pedido o presenta deterioro, el Usuario deber\u00e1 rechazar la entrega, no firmar el albar\u00e1n de entrega e informar al Editor por correo electr\u00f3nico. El trabajo ser\u00e1 entonces devuelto por el transportista al editor, en su embalaje original cuidadosamente cerrado por el usuario, sin costo para el usuario. Cualquier nueva entrega para reemplazar la entrega rechazada ser\u00e1 pagada por el Editor.<\/p>\n<h2>10. Cancelaci\u00f3n &#8211; Derecho de desistimiento<\/h2>\n<p>De acuerdo con las disposiciones legales, el Usuario tiene la opci\u00f3n de ejercitar su derecho de desistimiento, desde la validaci\u00f3n del Pedido y hasta que finalice un plazo de catorce d\u00edas desde la recepci\u00f3n de las Obras. Si el plazo de desistimiento expira un s\u00e1bado, domingo o festivo, se prorroga hasta el siguiente d\u00eda laborable.<\/p>\n<p>El Usuario devuelve o devuelve la (s) Obra (s) al Editor a la direcci\u00f3n postal que le ser\u00e1 comunicada por correo electr\u00f3nico o por tel\u00e9fono tras la implementaci\u00f3n de su derecho de desistimiento, a m\u00e1s tardar dentro de los catorce d\u00edas siguientes a la comunicaci\u00f3n de su decisi\u00f3n a retirar.<\/p>\n<p>El coste directo de devoluci\u00f3n de las Obras es responsabilidad del Usuario. El Usuario se compromete a devolver la obra en su embalaje original, debidamente cerrado o en un embalaje de calidad equivalente para asegurar que la obra no se da\u00f1e durante el transporte. La Obra debe ir acompa\u00f1ada de la factura de compra y el certificado de autenticidad. El Usuario tambi\u00e9n deber\u00e1 asegurar el transporte de devoluci\u00f3n de la obra seg\u00fan un nivel de garant\u00edas equivalente al practicado por el Editor para la entrega.<\/p>\n<p>Ser\u00e1 responsabilidad del Usuario en caso de depreciaci\u00f3n de las Obras resultante de manipulaciones distintas de las necesarias para establecer la naturaleza, caracter\u00edsticas y conformidad con el Pedido.<\/p>\n<p>El Editor reembolsa al Usuario todos los pagos realizados, incluidos los gastos de env\u00edo, a m\u00e1s tardar en la fecha en que las Obras llegan al Editor. El editor no est\u00e1 obligado a reembolsar los costos adicionales si el usuario ha elegido expresamente un m\u00e9todo de env\u00edo m\u00e1s caro que el m\u00e9todo de env\u00edo est\u00e1ndar ofrecido por el editor. La devoluci\u00f3n se realizar\u00e1 utilizando el mismo medio de pago que utiliz\u00f3 el Usuario para pagar su pedido.<\/p>\n<p>De acuerdo con lo dispuesto en el art\u00edculo L.221-28 del C\u00f3digo de Comercio, el derecho de desistimiento no puede ejercerse en los casos en que la Obra vendida haya sido producida seg\u00fan las especificaciones del Usuario o claramente personalizada.<\/p>\n<h2>11. Responsabilidad<\/h2>\n<p>Del Editor &#8211; El Editor se compromete a prestar los Servicios con diligencia y de acuerdo con las reglas del arte, precisando que tiene una obligaci\u00f3n de medios, con exclusi\u00f3n de cualquier obligaci\u00f3n de resultado, esto que los Usuarios reconocen y aceptan expresamente.<\/p>\n<p>El Editor se compromete a realizar controles peri\u00f3dicos para verificar el funcionamiento y la accesibilidad del Sitio. Como tal, se reserva el derecho de interrumpir temporalmente el acceso al Sitio por razones de mantenimiento.<\/p>\n<p>El Editor no se hace responsable de las dificultades o imposibilidades temporales en el acceso al Sitio que sean causadas por circunstancias ajenas al mismo, fuerza mayor o incluso que se deban a interrupciones en las redes de telecomunicaciones.<\/p>\n<p>El Editor se reserva el derecho de insertar en cualquier p\u00e1gina del Sitio y cualquier comunicaci\u00f3n a los Usuarios cualquier mensaje publicitario o promocional en una forma y bajo las cuales el Editor ser\u00e1 el \u00fanico juez.<\/p>\n<p>El Editor no se hace responsable de la disponibilidad t\u00e9cnica de los sitios web o aplicaciones m\u00f3viles operados por terceros (incluidos los socios) a los que el Usuario accede a trav\u00e9s del Sitio.<\/p>\n<p>El Editor no asume ninguna responsabilidad por el contenido, la publicidad, los productos y \/ o los servicios disponibles en dichos sitios y aplicaciones m\u00f3viles de terceros, a los que se les recuerda que se rigen por sus propios t\u00e9rminos de uso.<\/p>\n<p>El Editor tampoco es responsable de las transacciones entre el Usuario y cualquier anunciante (incluidos los socios) al que se dirige el Usuario a trav\u00e9s del Sitio y en ning\u00fan caso puede ser parte de posibles disputas con estos terceros en relaci\u00f3n en particular con la entrega. de productos y \/ o servicios, garant\u00edas, declaraciones y cualesquiera otras obligaciones a las que est\u00e9n vinculados estos terceros.<\/p>\n<p>El Editor es responsable ante los Usuarios de todas las garant\u00edas debidas por los vendedores a los compradores, en las condiciones del derecho com\u00fan.<\/p>\n<p>Se recuerda que, al actuar como garant\u00eda legal de conformidad, cualquier consumidor:<br \/>\n&#8211; tiene un plazo de dos a\u00f1os desde la entrega de la mercanc\u00eda para actuar;<br \/>\n&#8211; puede elegir entre la reparaci\u00f3n o el reemplazo de la propiedad, sujeto a las condiciones de costo previstas en el art\u00edculo L217-9 del C\u00f3digo del Consumidor;<br \/>\n&#8211; se exime de acreditar la existencia de la falta de conformidad del bien durante los veinticuatro meses siguientes a su entrega.<br \/>\nTambi\u00e9n se recuerda que la garant\u00eda legal de conformidad se aplica independientemente de cualquier garant\u00eda comercial que pueda otorgarse.<br \/>\nCualquier consumidor tambi\u00e9n puede decidir implementar la garant\u00eda contra vicios ocultos del art\u00edculo vendido en el sentido del art\u00edculo 1641 del C\u00f3digo Civil. En este caso, puede elegir entre cancelar la venta o reducir el precio de venta de acuerdo con el art\u00edculo 1644 del C\u00f3digo Civil.<\/p>\n<p>Del Usuario &#8211; El Usuario acepta hacer un uso estrictamente personal del Sitio y los Servicios. Por tanto, se abstiene de ceder, ceder o transferir la totalidad o parte de sus derechos u obligaciones a un tercero, de cualquier forma.<\/p>\n<p>El Usuario deber\u00e1 tomar las medidas necesarias para resguardar por sus propios medios la informaci\u00f3n de su Cuenta de Usuario que estime necesaria, de la cual no se le proporcionar\u00e1 copia.<\/p>\n<p>Est\u00e1 estrictamente prohibido utilizar los Servicios para los siguientes fines<br \/>\n&#8211; el ejercicio de actividades il\u00edcitas, fraudulentas o que vulneren los derechos o la seguridad de terceros,<br \/>\n&#8211; incumplimiento del orden p\u00fablico o violaci\u00f3n de las leyes y reglamentos vigentes,<br \/>\n&#8211; intrusi\u00f3n en el sistema inform\u00e1tico de un tercero o cualquier actividad que pueda da\u00f1ar, controlar, interferir o interceptar todo o parte del sistema inform\u00e1tico de un tercero, violando su integridad o seguridad,<br \/>\n&#8211; el env\u00edo de correos electr\u00f3nicos no solicitados y \/ o prospecci\u00f3n o solicitud comercial,<br \/>\n&#8211; manipulaciones destinadas a mejorar la referencia a un sitio de terceros,<br \/>\n&#8211; uso del Sitio para distribuir informaci\u00f3n o redirigir enlaces a un sitio de terceros,<br \/>\n&#8211; ayuda o incitaci\u00f3n, en cualquier forma y en cualquier forma, a uno o m\u00e1s de los actos y actividades descritos anteriormente,<br \/>\n&#8211; y, en general, cualquier pr\u00e1ctica que desv\u00ede los Servicios para fines distintos de aquellos para los que fueron dise\u00f1ados.<\/p>\n<p>Los usuarios tienen estrictamente prohibido copiar y \/ o desviar el concepto, las tecnolog\u00edas o cualquier otro elemento del Sitio para sus propios fines o los de terceros.<\/p>\n<p>Los siguientes tambi\u00e9n est\u00e1n estrictamente prohibidos: (i) cualquier comportamiento que pueda interrumpir, suspender, ralentizar o prevenir la continuidad de los Servicios, (ii) todas las intrusiones o intentos de intrusi\u00f3n en los sistemas del Editor, (iii) cualquier apropiaci\u00f3n indebida de recursos Sistema de el Sitio, (iv) todas las acciones que puedan imponer una carga desproporcionada a las infraestructuras de este \u00faltimo, (v) todas las violaciones de las medidas de seguridad y autenticaci\u00f3n, (vi) todos los actos que puedan infringir los derechos e intereses financieros, comerciales o morales del Editor, y \/ u otros Usuarios, y finalmente de forma m\u00e1s general (vii) cualquier incumplimiento de estas condiciones generales.<\/p>\n<p>Est\u00e1 estrictamente prohibido monetizar, vender o conceder todo o parte del acceso a los Servicios o al Sitio, as\u00ed como a la informaci\u00f3n alojada y \/ o compartida all\u00ed.<\/p>\n<p>En caso de incumplimiento de cualquiera de las disposiciones de estos CGV o, m\u00e1s en general, de incumplimiento de las leyes y regulaciones vigentes por parte de un Usuario, el Editor se reserva el derecho de tomar cualquier medida apropiada y en particular para:<\/p>\n<p>(i) publicar en el Sitio cualquier mensaje de informaci\u00f3n que el Editor considere \u00fatil,<br \/>\n(ii) notificar a cualquier autoridad pertinente,<br \/>\n(iii) iniciar cualquier acci\u00f3n legal.<\/p>\n<h2>12. Propiedad intelectual del editor<\/h2>\n<p>Los sistemas, software, estructuras, infraestructuras, bases de datos y contenido de cualquier tipo (textos, im\u00e1genes, visuales, m\u00fasica, logotipos, marcas, base de datos, etc.) operados por el Editor dentro del Sitio est\u00e1n protegidos por todos los derechos de propiedad intelectual o derechos de productores de bases de datos vigentes. Todo desmontaje, descompilaci\u00f3n, descifrado, extracciones, reutilizaci\u00f3n, copias y m\u00e1s en general, cualquier acto de reproducci\u00f3n, representaci\u00f3n, distribuci\u00f3n y uso de cualquiera de estos elementos, en su totalidad o en parte, sin el permiso del Editor, est\u00e1n estrictamente prohibidos y pueden ser objeto de procedimientos legales.<\/p>\n<h2>13. Resoluci\u00f3n de conflictos<\/h2>\n<p><strong>1. Idioma<\/strong> : El editor se reserva el derecho de traducir el sitio y su contenido a cualquier idioma de su elecci\u00f3n. Sin embargo, solo prevalecer\u00e1 el idioma franc\u00e9s en caso de disputa.<\/p>\n<p><strong>2. Ley aplicable<\/strong> : Estos CGV y los Servicios prestados est\u00e1n sujetos a la ley francesa.<\/p>\n<p><strong>3. Nulidad<\/strong> : Si una o m\u00e1s estipulaciones de los CGV son declaradas inv\u00e1lidas o declaradas inv\u00e1lidas en aplicaci\u00f3n de una ley, reglamento o tras una decisi\u00f3n final de un tribunal competente, las dem\u00e1s estipulaciones conservar\u00e1n toda su fuerza y alcance.<\/p>\n<p><strong>4. No renuncia<\/strong> : El hecho de que el Editor no invoque un incumplimiento por parte del Usuario de ninguna de las obligaciones derivadas de estos CGV no puede interpretarse en el futuro como una renuncia a la obligaci\u00f3n implicada.<\/p>\n<p><strong>5. Mediaci\u00f3n<\/strong> : El Usuario que no act\u00fae por necesidades profesionales, tiene derecho a recurrir gratuitamente a un mediador consumidor con vistas a la resoluci\u00f3n amistosa de cualquier disputa relacionada con la ejecuci\u00f3n del mismo que le oponga al Editor, en las condiciones previstas en los art\u00edculos L611-1 y siguientes y R152-1 y siguientes del C\u00f3digo del Consumidor.<\/p>\n<p>Puede ponerse en contacto con el siguiente mediador de consumidores para este fin:<\/p>\n<p>Centro de mediaci\u00f3n y soluci\u00f3n amistosa para funcionarios judiciales (Medicys) Direcci\u00f3n postal: 73 Boulevard de Clichy, 75009 Par\u00eds &#8211; Francia. Direcci\u00f3n de correo electr\u00f3nico: contact@medicys.fr &#8211; Tel\u00e9fono: (+33) (0)1 49 70 15 93 &#8211; http:\/\/www.medicys.fr\/index.php\/consommateurs\/<\/p>\n<p><strong>6. Tribunal competente<\/strong> : En el caso de que no se pudiera encontrar una soluci\u00f3n amistosa, incluso por mediaci\u00f3n, cualquier controversia sobre la validez, interpretaci\u00f3n y \/ o ejecuci\u00f3n de las mismas, se designar\u00e1 el tribunal competente en aplicaci\u00f3n del derecho consuetudinario.<\/p>\n","protected":false},"excerpt":{"rendered":"<p>El siguiente texto es el resultado de una traducci\u00f3n autom\u00e1tica y se le presenta \u00fanicamente con fines informativos. Como se especifica en el art\u00edculo 13.1, solo prevalecer\u00e1 el idioma franc\u00e9s en caso de disputa. 1. Identificaci\u00f3n y datos de contacto Este sitio web www.francisgazeau.com (el Sitio) es publicado por la empresa SNC SUN4 (Editorial), cuya [&hellip;]<\/p>\n","protected":false},"author":1,"featured_media":0,"parent":0,"menu_order":0,"comment_status":"closed","ping_status":"closed","template":"","meta":[],"_links":{"self":[{"href":"https:\/\/www.francisgazeau.com\/es\/wp-json\/wp\/v2\/pages\/2613"}],"collection":[{"href":"https:\/\/www.francisgazeau.com\/es\/wp-json\/wp\/v2\/pages"}],"about":[{"href":"https:\/\/www.francisgazeau.com\/es\/wp-json\/wp\/v2\/types\/page"}],"author":[{"embeddable":true,"href":"https:\/\/www.francisgazeau.com\/es\/wp-json\/wp\/v2\/users\/1"}],"replies":[{"embeddable":true,"href":"https:\/\/www.francisgazeau.com\/es\/wp-json\/wp\/v2\/comments?post=2613"}],"version-history":[{"count":1,"href":"https:\/\/www.francisgazeau.com\/es\/wp-json\/wp\/v2\/pages\/2613\/revisions"}],"predecessor-version":[{"id":2614,"href":"https:\/\/www.francisgazeau.com\/es\/wp-json\/wp\/v2\/pages\/2613\/revisions\/2614"}],"wp:attachment":[{"href":"https:\/\/www.francisgazeau.com\/es\/wp-json\/wp\/v2\/media?parent=2613"}],"curies":[{"name":"wp","href":"https:\/\/api.w.org\/{rel}","templated":true}]}}