{"id":1564,"date":"2020-10-01T13:33:01","date_gmt":"2020-10-01T11:33:01","guid":{"rendered":"https:\/\/www.francisgazeau.com\/?page_id=1564"},"modified":"2021-05-03T16:18:28","modified_gmt":"2021-05-03T14:18:28","slug":"presentacion","status":"publish","type":"page","link":"https:\/\/www.francisgazeau.com\/es\/presentacion\/","title":{"rendered":"Presentaci\u00f3n"},"content":{"rendered":"<h2>El Arte del Mestizaje por Francis Gazeau<\/h2>\n<p><img loading=\"lazy\" class=\"alignleft wp-image-1549\" src=\"https:\/\/www.francisgazeau.com\/wp-content\/uploads\/2020\/08\/Francis-Gazeau-Photographe-200x300.jpg\" alt=\"Francis Gazeau - Fot\u00f3grafo\" width=\"120\" height=\"180\" srcset=\"https:\/\/www.francisgazeau.com\/wp-content\/uploads\/2020\/08\/Francis-Gazeau-Photographe-200x300.jpg 200w, https:\/\/www.francisgazeau.com\/wp-content\/uploads\/2020\/08\/Francis-Gazeau-Photographe.jpg 600w\" sizes=\"(max-width: 120px) 100vw, 120px\" \/>Viajando por todas las latitudes, Francis Gazeau recolecta materiales, siluetas o paisajes, luego, en la mesa de luz, los entreteje en un arte \u00fanico de mezclar. Se juntan todas las culturas y pa\u00edses por los que ha pasado.<\/p>\n<p>Al eliminar cualquier valor documental de la fotograf\u00eda y a recubrirla con efectos de textura, Francis Gazeau crea un universo fant\u00e1stico y desconocido donde las plantas, los rostros y los minerales se superponen. Resulta ser un artista de la naturaleza.<\/p>\n<p>Durante la primera fase creativa, queda un artesano que rechaza cualquier procesamiento de la imagen por la computadora. Su particular sensibilidad captura un momento de la vida para congelarlo en un material a veces cercano a una pintura rupestre. Borrando la distancia de la fotograf\u00eda por la proximidad del detalle y la textura, une el trabajo de la mano con el del ojo; \u00fanicamente, el material viene a retocar la imagen fotogr\u00e1fica.<\/p>\n<h2>Videos<\/h2>\n\t<div class=\"video-thumb-grid\">\n\t\t<div class=\"row w-1of2-md\">\n\t\t\t<div class=\"col\">\n\t\t\t\t<h5>Exposici\u00f3n sobre el Pont des Arts, Par\u00eds, Junio 2006<\/h5>\n\t\t\t\t<a class=\"video-thumbnail-wrapper\" href=\"https:\/\/www.youtube.com\/watch?v=wc-O4mq20E8\" data-lity>\n\t\t\t\t\t<img class=\"size-full wp-image-2339 alignnone\" src=\"https:\/\/www.francisgazeau.com\/wp-content\/uploads\/2020\/10\/Francis-Gazeau-video-thumbnail-Pont-de-Arts-Paris.jpg\" alt=\"Miniatura de v\u00eddeo exposici\u00f3n Francis Gazeau en el Pont des Arts de Par\u00eds\" width=\"640\" height=\"360\" \/>\n\t\t\t\t\t<div class=\"ytp-button-icon\">\n\t\t\t\t\t\t<svg height=\"100%\" version=\"1.1\" viewBox=\"0 0 68 48\" width=\"100%\"><path class=\"ytp-large-play-button-bg\" d=\"M66.52,7.74c-0.78-2.93-2.49-5.41-5.42-6.19C55.79,.13,34,0,34,0S12.21,.13,6.9,1.55 C3.97,2.33,2.27,4.81,1.48,7.74C0.06,13.05,0,24,0,24s0.06,10.95,1.48,16.26c0.78,2.93,2.49,5.41,5.42,6.19 C12.21,47.87,34,48,34,48s21.79-0.13,27.1-1.55c2.93-0.78,4.64-3.26,5.42-6.19C67.94,34.95,68,24,68,24S67.94,13.05,66.52,7.74z\" fill=\"#f00\"><\/path><path d=\"M 45,24 27,14 27,34\" fill=\"#fff\"><\/path><\/svg>\n\t\t\t\t\t<\/div>\n\t\t\t\t<\/a>\n\t\t\t<\/div>\n\t\t\t<div class=\"col\">\n\t\t\t\t<h5>Exposici\u00f3n en Marsella, Vieux-Port, junio de 2008<\/h5>\n\t\t\t\t<a class=\"video-thumbnail-wrapper\" href=\"https:\/\/www.youtube.com\/watch?v=DBhgZBPFMjc\" data-lity>\n\t\t\t\t\t<img class=\"size-full wp-image-2342 alignnone\" src=\"https:\/\/www.francisgazeau.com\/wp-content\/uploads\/2020\/10\/Francis-Gazeau-video-thumbnail-Vieux-Port-Marseille.jpg\" alt=\"Miniatura de v\u00eddeo exposici\u00f3n Francis Gazeau en Marsella, Vieux-Port\" width=\"640\" height=\"360\" \/>\n\t\t\t\t\t<div class=\"ytp-button-icon\">\n\t\t\t\t\t\t<svg height=\"100%\" version=\"1.1\" viewBox=\"0 0 68 48\" width=\"100%\"><path class=\"ytp-large-play-button-bg\" d=\"M66.52,7.74c-0.78-2.93-2.49-5.41-5.42-6.19C55.79,.13,34,0,34,0S12.21,.13,6.9,1.55 C3.97,2.33,2.27,4.81,1.48,7.74C0.06,13.05,0,24,0,24s0.06,10.95,1.48,16.26c0.78,2.93,2.49,5.41,5.42,6.19 C12.21,47.87,34,48,34,48s21.79-0.13,27.1-1.55c2.93-0.78,4.64-3.26,5.42-6.19C67.94,34.95,68,24,68,24S67.94,13.05,66.52,7.74z\" fill=\"#f00\"><\/path><path d=\"M 45,24 27,14 27,34\" fill=\"#fff\"><\/path><\/svg>\n\t\t\t\t\t<\/div>\n\t\t\t\t<\/a>\n\t\t\t<\/div>\n\t\t<\/div>\n\t\t<div class=\"row w-1of2-md\">\n\t\t\t<div class=\"col\">\n\t\t\t\t<h5>Galer\u00eda n\u00f3mada, Noviembre 2020<\/h5>\n\t\t\t\t<a class=\"video-thumbnail-wrapper\" href=\"https:\/\/www.youtube.com\/watch?v=s8UQPK0mOSY\" data-lity>\n\t\t\t\t\t<img class=\"size-full wp-image-2336 alignnone\" src=\"https:\/\/www.francisgazeau.com\/wp-content\/uploads\/2020\/10\/Francis-Gazeau-video-thumbnail-Galerie-Nui-Ibiza.jpg\" alt=\"Miniatura de v\u00eddeo exposici\u00f3n Francis Gazeau en la galer\u00eda Nui, Ibiza\" width=\"640\" height=\"360\" \/>\n\t\t\t\t\t<div class=\"ytp-button-icon\">\n\t\t\t\t\t\t<svg height=\"100%\" version=\"1.1\" viewBox=\"0 0 68 48\" width=\"100%\"><path class=\"ytp-large-play-button-bg\" d=\"M66.52,7.74c-0.78-2.93-2.49-5.41-5.42-6.19C55.79,.13,34,0,34,0S12.21,.13,6.9,1.55 C3.97,2.33,2.27,4.81,1.48,7.74C0.06,13.05,0,24,0,24s0.06,10.95,1.48,16.26c0.78,2.93,2.49,5.41,5.42,6.19 C12.21,47.87,34,48,34,48s21.79-0.13,27.1-1.55c2.93-0.78,4.64-3.26,5.42-6.19C67.94,34.95,68,24,68,24S67.94,13.05,66.52,7.74z\" fill=\"#f00\"><\/path><path d=\"M 45,24 27,14 27,34\" fill=\"#fff\"><\/path><\/svg>\n\t\t\t\t\t<\/div>\n\t\t\t\t<\/a>\n\t\t\t<\/div>\n\t\t<\/div>\n\t<\/div>\n\t\n<h2>Exposiciones principales<\/h2>\n<ul>\n<li><strong>2020<\/strong><br \/>\nExposici\u00f3n de la galer\u00eda n\u00f3mada en el espacio NUI de Ibiza<\/li>\n<li><strong>2019<\/strong><br \/>\nDise\u00f1o y creaci\u00f3n de una galer\u00eda de arte n\u00f3mada a partir de 2 contenedores de mar \u00a9<a class=\"lity-link\" href=\"https:\/\/www.francisgazeau.com\/wp-content\/uploads\/2020\/10\/Francis-Gazeau-galerie-nomade-conteneurs-maritimes.jpg\" data-lity><img loading=\"lazy\" class=\"alignnone size-full wp-image-2356\" src=\"https:\/\/www.francisgazeau.com\/wp-content\/uploads\/2020\/10\/Francis-Gazeau-galerie-nomade-conteneurs-maritimes-sm.jpg\" alt=\"Francis Gazeau galer\u00eda de arte n\u00f3mada\" width=\"440\" height=\"215\" \/><\/a><\/li>\n<li><strong>Octubre de 2010 a 2018<\/strong><br \/>\nCreaci\u00f3n de un taller de fotograf\u00eda-edici\u00f3n-rodaje, Illes Balears<\/li>\n<li><strong>Enero de 2009<\/strong><br \/>\nExposici\u00f3n en el Museo de Civilizaciones Europeas y Mediterr\u00e1neas de Marsella (MUCEM)<\/li>\n<li><strong>Junio de 2008<\/strong><br \/>\nExposici\u00f3n en Marsella en el Puerto Viejo<\/li>\n<li><strong>Mayo de 2007<\/strong><br \/>\nExposici\u00f3n en la Sede de las Naciones Unidas en Nueva York (ONU)<\/li>\n<li><strong>Abril de 2007<\/strong><br \/>\nExposici\u00f3n en la Galerie Modus Place des Vosges de Par\u00eds<\/li>\n<li><strong>Noviembre de 2006<\/strong><br \/>\nExposici\u00f3n en el Palacio de las Naciones Unidas en Ginebra (ONU)<\/li>\n<li><strong>Junio de 2006<\/strong><br \/>\nExposici\u00f3n sobre el Pont des Arts de Par\u00eds<\/li>\n<li><strong>Noviembre de 2005<\/strong><br \/>\nExposici\u00f3n en la Unesco Par\u00eds<\/li>\n<li><strong>Enero de 2005<\/strong><br \/>\nExposici\u00f3n en el Parlamento Europeo en Estrasburgo<\/li>\n<li><strong>Noviembre de 2004<\/strong><br \/>\nExposici\u00f3n en el Palais de Tokyo de Par\u00eds (coll.)<\/li>\n<li><strong>Septiembre de 2003<\/strong><br \/>\nExposici\u00f3n en la galer\u00eda Anne Moerchen de Hamburgo<\/li>\n<li><strong>Mayo de 2003<\/strong><br \/>\nExposici\u00f3n \u00ab Terre d\u2019Images \u00bb en Biarritz<\/li>\n<li><strong>Febrero de 2002<\/strong><br \/>\nExposici\u00f3n en el Espace des Cr\u00e9ateurs en el Forum des Halles de Par\u00eds<\/li>\n<li><strong>Mayo de 2001<\/strong><br \/>\nExposici\u00f3n de la Opera Gallery, rue St. Honor\u00e9 en Par\u00eds<\/li>\n<li><strong>Abril de 2001<\/strong><br \/>\nExposici\u00f3n de la Opera Gallery, Spring Street en Nueva York<\/li>\n<li><strong>Febrero de 2000<\/strong><br \/>\nExposici\u00f3n \u201cLe Maroc\u201d en el Institut du Monde Arabe de Par\u00eds (IMA)<\/li>\n<li><strong>Mayo de 1999<\/strong><br \/>\nExposici\u00f3n en el Mois Bis de la Photo de la galer\u00eda Nesle de Par\u00eds (coll.)<\/li>\n<li><strong>Junio de 1998<\/strong><br \/>\nExposici\u00f3n \u00ab Les Migrateurs \u00bb, rue Jacob en Par\u00eds<\/li>\n<\/ul>\n<h4>Francis Gazeau figura en la Biblioteca Nacional de Francia con el n\u00famero EP-4545.<\/h4>\n","protected":false},"excerpt":{"rendered":"<p>El Arte del Mestizaje por Francis Gazeau Viajando por todas las latitudes, Francis Gazeau recolecta materiales, siluetas o paisajes, luego, en la mesa de luz, los entreteje en un arte \u00fanico de mezclar. Se juntan todas las culturas y pa\u00edses por los que ha pasado. Al eliminar cualquier valor documental de la fotograf\u00eda y a [&hellip;]<\/p>\n","protected":false},"author":1,"featured_media":0,"parent":0,"menu_order":0,"comment_status":"closed","ping_status":"closed","template":"","meta":[],"_links":{"self":[{"href":"https:\/\/www.francisgazeau.com\/es\/wp-json\/wp\/v2\/pages\/1564"}],"collection":[{"href":"https:\/\/www.francisgazeau.com\/es\/wp-json\/wp\/v2\/pages"}],"about":[{"href":"https:\/\/www.francisgazeau.com\/es\/wp-json\/wp\/v2\/types\/page"}],"author":[{"embeddable":true,"href":"https:\/\/www.francisgazeau.com\/es\/wp-json\/wp\/v2\/users\/1"}],"replies":[{"embeddable":true,"href":"https:\/\/www.francisgazeau.com\/es\/wp-json\/wp\/v2\/comments?post=1564"}],"version-history":[{"count":9,"href":"https:\/\/www.francisgazeau.com\/es\/wp-json\/wp\/v2\/pages\/1564\/revisions"}],"predecessor-version":[{"id":2626,"href":"https:\/\/www.francisgazeau.com\/es\/wp-json\/wp\/v2\/pages\/1564\/revisions\/2626"}],"wp:attachment":[{"href":"https:\/\/www.francisgazeau.com\/es\/wp-json\/wp\/v2\/media?parent=1564"}],"curies":[{"name":"wp","href":"https:\/\/api.w.org\/{rel}","templated":true}]}}